{"id":62,"date":"2012-12-31T16:17:21","date_gmt":"2012-12-31T15:17:21","guid":{"rendered":"http:\/\/ffw-hoehenkirchen.de\/?page_id=62"},"modified":"2025-03-26T11:27:29","modified_gmt":"2025-03-26T11:27:29","slug":"impressum","status":"publish","type":"page","link":"https:\/\/www.feuerwehr-hoehenkirchen.de\/index.php\/informationen\/impressum\/","title":{"rendered":"Impressum"},"content":{"rendered":"<p>Kontakt siehe <a title=\"Kontakt\" href=\"https:\/\/www.feuerwehrhoehenkirchen.de\/index.php\/kontakt\/\">Kontakt<\/a><\/p>\n<h1><span style=\"font-family: Arial,sans-serif;\"><span style=\"font-size: medium;\">Angaben nach \u00a75 Telemediengesetz (TMG)<\/span><\/span><\/h1>\n<p><span style=\"font-family: Arial,sans-serif;\"><span style=\"font-size: medium;\">Freiwillige Feuerwehr H\u00f6henkirchen<\/span><\/span><\/p>\n<p><span style=\"font-family: Arial,sans-serif;\"><span style=\"font-size: medium;\">Altlaufstra\u00dfe 99<\/span><\/span><\/p>\n<p style=\"text-align: left;\" align=\"CENTER\"><span style=\"font-family: Arial,sans-serif;\"><span style=\"font-size: medium;\">85635 H\u00f6henkirchen-Siegertsbrunn<\/span><\/span><\/p>\n<p style=\"text-align: left;\" align=\"CENTER\"><span style=\"font-family: Times New Roman,serif;\"><span style=\"font-size: medium;\"><span style=\"font-family: Arial,sans-serif;\">Telefon: 08102 \/ 89533<\/span><\/span><\/span><\/p>\n<p><span style=\"font-family: Arial,sans-serif;\"><span style=\"font-size: medium;\">E-Mail: <a href=\"mailto:info@feuerwehr-hoehenkirchen.de\">info[at]feuerwehr-hoehenkirchen.de<\/a><\/span><\/span><\/p>\n<p><span style=\"font-family: Arial,sans-serif;\"><span style=\"font-size: medium;\">Internet: www.feuerwehr-hoehenkirchen.de<br \/><\/span><\/span><\/p>\n<p><span style=\"font-family: Arial,sans-serif;\"><span style=\"font-size: medium;\">Inhaltlich Verantwortlicher gem\u00e4\u00df \u00a7 10 Absatz 3 MDStV<\/span><\/span><\/p>\n<p><span style=\"font-family: Times New Roman,serif;\"><span style=\"font-size: medium;\"><span style=\"font-family: Arial,sans-serif;\"><b>Verantwortlich f\u00fcr Inhalte des Vereins:<\/b><\/span><span style=\"font-family: Arial,sans-serif;\"><br \/>Manfred Zachacker, Vorstandsvorsitzender<br \/>E-Mail: <a href=\"mailto:vorstand@feuerwehr-hoehenkirchen.de\">vorstand[at]feuerwehr-hoehenkirchen.de<\/a><\/span><\/span><\/span><\/p>\n<p style=\"text-align: left;\"><span style=\"font-family: Times New Roman,serif;\"><span style=\"font-size: medium;\"><span style=\"font-family: Arial,sans-serif;\"><br \/><\/span><span style=\"font-family: Arial,sans-serif;\"><b>Verantwortlich f\u00fcr Inhalte der gemeindlichen Feuerwehr:<\/b><\/span><span style=\"font-family: Arial,sans-serif;\"><br \/>Christoph P\u00f6ttinger, Kommandant der Freiwilligen Feuerwehr H\u00f6henkirchen<br \/>E-Mail: <a href=\"mailto:info@feuerwehr-hoehenkirchen.de\">info[at]feuerwehr-hoehenkirchen.de<\/a><\/span><\/span><\/span><\/p>\n<h1><span style=\"font-family: Arial,sans-serif;\"><span style=\"font-size: medium;\">Technischer Kontakt: <\/span><\/span><\/h1>\n<p><a href=\"mailto:der_system@feuerwehr-hoehenkirchen.de\">der_system[at]feuerwehr-hoehenkirchen.de<\/a><\/p>\n<p><span style=\"font-family: Times New Roman,serif;\"><span style=\"font-size: medium;\"><span style=\"font-family: Arial,sans-serif;\"><b>Haftungshinweis:<\/b><\/span><\/span><\/span><\/p>\n<p><span style=\"font-family: Times New Roman,serif;\"><span style=\"font-size: medium;\"><span style=\"font-family: Arial,sans-serif;\">Es handelt sich um keine kommerzielle Homepage. Trotz sorgf\u00e4ltiger inhaltlicher Kontrolle \u00fcbernehmen wir keine Haftung f\u00fcr die Inhalte externer Links. F\u00fcr den Inhalt der verlinkten Seiten sind ausschlie\u00dflich deren Betreiber verantwortlich. Die Feuerwehr H\u00f6henkirchen distanziert sich hiermit ausdr\u00fccklich von den Inhalten aller gelinkten Seiten auf dieser Internetpr\u00e4senz und machen sich diese Inhalte nicht zu eigen.<\/span><\/span><\/span><\/p>\n<p>1. Verweise und Links<br \/>Bei direkten oder indirekten Verweisen auf fremde Webseiten (\u201cHyperlinks\u201d), die au\u00dferhalb des Verantwortungsbereiches des Autors liegen, w\u00fcrde eine Haftungsverpflichtung ausschlie\u00dflich in dem Fall in Kraft treten, in dem der Autor von den Inhalten Kenntnis hat und es ihm technisch m\u00f6glich und zumutbar w\u00e4re, die Nutzung im Falle rechtswidriger Inhalte zu verhindern.<br \/>Der Autor erkl\u00e4rt hiermit ausdr\u00fccklich, dass zum Zeitpunkt der Linksetzung keine illegalen Inhalte auf den zu verlinkenden Seiten erkennbar waren. Auf die aktuelle und zuk\u00fcnftige Gestaltung, die Inhalte oder die Urheberschaft der verlinkten\/verkn\u00fcpften Seiten hat der Autor keinerlei Einfluss. Deshalb distanziert er sich hiermit ausdr\u00fccklich von allen Inhalten aller verlinkten \/verkn\u00fcpften Seiten, die nach der Linksetzung ver\u00e4ndert wurden. Diese Feststellung gilt f\u00fcr alle innerhalb des eigenen Internetangebotes gesetzten Links und Verweise sowie f\u00fcr Fremdeintr\u00e4ge in vom Autor eingerichteten G\u00e4steb\u00fcchern, Diskussionsforen, Linkverzeichnissen, Mailinglisten und in allen anderen Formen von Datenbanken, auf deren Inhalt externe Schreibzugriffe m\u00f6glich sind. F\u00fcr illegale, fehlerhafte oder unvollst\u00e4ndige Inhalte und insbesondere f\u00fcr Sch\u00e4den, die aus der Nutzung oder Nichtnutzung solcherart dargebotener Informationen entstehen, haftet allein der Anbieter der Seite, auf welche verwiesen wurde, nicht derjenige, der \u00fcber Links auf die jeweilige Ver\u00f6ffentlichung lediglich verweist.<\/p>\n<p>2. Rechtswirksamkeit dieses Haftungsausschlusses<br \/>Dieser Haftungsausschluss ist als Teil des Internetangebotes zu betrachten, von dem aus auf diese Seite verwiesen wurde. Sofern Teile oder einzelne Formulierungen dieses Textes der geltenden Rechtslage nicht, nicht mehr oder nicht vollst\u00e4ndig entsprechen sollten, bleiben die \u00fcbrigen Teile des Dokumentes in ihrem Inhalt und ihrer G\u00fcltigkeit davon unber\u00fchrt.<\/p>\n\n\n<p><\/p>\n","protected":false},"excerpt":{"rendered":"<p>Kontakt siehe Kontakt Angaben nach \u00a75 Telemediengesetz (TMG) Freiwillige Feuerwehr H\u00f6henkirchen Altlaufstra\u00dfe 99 85635 H\u00f6henkirchen-Siegertsbrunn [&hellip;]<\/p>\n","protected":false},"author":2,"featured_media":164,"parent":20,"menu_order":11,"comment_status":"closed","ping_status":"closed","template":"","meta":{"footnotes":""},"class_list":["post-62","page","type-page","status-publish","has-post-thumbnail","hentry"],"rttpg_featured_image_url":{"full":["https:\/\/www.feuerwehr-hoehenkirchen.de\/wp-content\/uploads\/2012\/12\/impressum_icon.png",256,105,false],"landscape":["https:\/\/www.feuerwehr-hoehenkirchen.de\/wp-content\/uploads\/2012\/12\/impressum_icon.png",256,105,false],"portraits":["https:\/\/www.feuerwehr-hoehenkirchen.de\/wp-content\/uploads\/2012\/12\/impressum_icon.png",256,105,false],"thumbnail":["https:\/\/www.feuerwehr-hoehenkirchen.de\/wp-content\/uploads\/2012\/12\/impressum_icon-150x105.png",150,105,true],"medium":["https:\/\/www.feuerwehr-hoehenkirchen.de\/wp-content\/uploads\/2012\/12\/impressum_icon.png",256,105,false],"large":["https:\/\/www.feuerwehr-hoehenkirchen.de\/wp-content\/uploads\/2012\/12\/impressum_icon.png",256,105,false],"1536x1536":["https:\/\/www.feuerwehr-hoehenkirchen.de\/wp-content\/uploads\/2012\/12\/impressum_icon.png",256,105,false],"2048x2048":["https:\/\/www.feuerwehr-hoehenkirchen.de\/wp-content\/uploads\/2012\/12\/impressum_icon.png",256,105,false]},"rttpg_author":{"display_name":"Max Buchner","author_link":"https:\/\/www.feuerwehr-hoehenkirchen.de\/index.php\/author\/mbuchner\/"},"rttpg_comment":0,"rttpg_category":null,"rttpg_excerpt":"Kontakt siehe Kontakt Angaben nach \u00a75 Telemediengesetz (TMG) Freiwillige Feuerwehr H\u00f6henkirchen Altlaufstra\u00dfe 99 85635 H\u00f6henkirchen-Siegertsbrunn [&hellip;]","_links":{"self":[{"href":"https:\/\/www.feuerwehr-hoehenkirchen.de\/index.php\/wp-json\/wp\/v2\/pages\/62"}],"collection":[{"href":"https:\/\/www.feuerwehr-hoehenkirchen.de\/index.php\/wp-json\/wp\/v2\/pages"}],"about":[{"href":"https:\/\/www.feuerwehr-hoehenkirchen.de\/index.php\/wp-json\/wp\/v2\/types\/page"}],"author":[{"embeddable":true,"href":"https:\/\/www.feuerwehr-hoehenkirchen.de\/index.php\/wp-json\/wp\/v2\/users\/2"}],"replies":[{"embeddable":true,"href":"https:\/\/www.feuerwehr-hoehenkirchen.de\/index.php\/wp-json\/wp\/v2\/comments?post=62"}],"version-history":[{"count":3,"href":"https:\/\/www.feuerwehr-hoehenkirchen.de\/index.php\/wp-json\/wp\/v2\/pages\/62\/revisions"}],"predecessor-version":[{"id":3077,"href":"https:\/\/www.feuerwehr-hoehenkirchen.de\/index.php\/wp-json\/wp\/v2\/pages\/62\/revisions\/3077"}],"up":[{"embeddable":true,"href":"https:\/\/www.feuerwehr-hoehenkirchen.de\/index.php\/wp-json\/wp\/v2\/pages\/20"}],"wp:featuredmedia":[{"embeddable":true,"href":"https:\/\/www.feuerwehr-hoehenkirchen.de\/index.php\/wp-json\/wp\/v2\/media\/164"}],"wp:attachment":[{"href":"https:\/\/www.feuerwehr-hoehenkirchen.de\/index.php\/wp-json\/wp\/v2\/media?parent=62"}],"curies":[{"name":"wp","href":"https:\/\/api.w.org\/{rel}","templated":true}]}}