{"id":51,"date":"2012-12-31T16:13:24","date_gmt":"2012-12-31T15:13:24","guid":{"rendered":"http:\/\/ffw-hoehenkirchen.de\/?page_id=51"},"modified":"2012-12-31T16:13:24","modified_gmt":"2012-12-31T15:13:24","slug":"notruf","status":"publish","type":"page","link":"https:\/\/www.feuerwehr-hoehenkirchen.de\/index.php\/informationen\/notruf\/","title":{"rendered":"Notruf"},"content":{"rendered":"<p><span style=\"color: #ff0000;\"><em><strong>In lebensbedrohlichen Lagen jeder Art: <\/strong><\/em><\/span><\/p>\n<h1><span style=\"color: #ff0000;\"> <strong>112<\/strong> <\/span><\/h1>\n<table style=\"width: 100%;\" border=\"0\" cellspacing=\"0\" cellpadding=\"8\">\n<thead>\n<tr>\n<th width=\"50%\"><\/th>\n<th width=\"50%\"><\/th>\n<\/tr>\n<\/thead>\n<tbody>\n<tr valign=\"TOP\">\n<td>Feuerwehr, Rettungsdienst<\/td>\n<td>112 (Europaweit)<\/td>\n<\/tr>\n<tr valign=\"TOP\">\n<td>Polizei<\/td>\n<td>110<\/td>\n<\/tr>\n<tr valign=\"TOP\">\n<td>Giftnotruf<\/td>\n<td>(089) 19 24 0<\/td>\n<\/tr>\n<tr valign=\"TOP\">\n<td>Geh\u00f6rlosennotruf<\/td>\n<td>(089) 19 29 4<\/td>\n<\/tr>\n<tr valign=\"TOP\">\n<td>\u00c4rztlicher Bereitschaftsdienst<\/td>\n<td>(08105) 19 12 12<\/td>\n<\/tr>\n<tr valign=\"TOP\">\n<td>Tierrettung (24 Stunden)<\/td>\n<td>(089) 608 78 80<\/td>\n<\/tr>\n<tr valign=\"TOP\">\n<td><\/td>\n<td><\/td>\n<\/tr>\n<tr valign=\"TOP\">\n<td><\/td>\n<td><\/td>\n<\/tr>\n<\/tbody>\n<\/table>\n<p align=\"CENTER\">\n<table style=\"width: 100%;\" border=\"0\" cellspacing=\"0\" cellpadding=\"8\">\n<thead>\n<tr>\n<th width=\"50%\">Weiter Nummern<\/th>\n<th width=\"50%\"><\/th>\n<\/tr>\n<\/thead>\n<tbody>\n<tr valign=\"TOP\">\n<td>Feuerwehreinsatzzentrale M\u00fcnchen-Land<\/td>\n<td>089 \/ 662023<\/td>\n<\/tr>\n<tr valign=\"TOP\">\n<td>Polizeiinspektion 28 (Ottobrunn)<\/td>\n<td>(089) 62 98 00<\/td>\n<\/tr>\n<tr valign=\"TOP\">\n<td>Johanniter Ottobrunn-Riemerling<\/td>\n<td>(089) 608 78 80<\/td>\n<\/tr>\n<tr valign=\"TOP\">\n<td>Tier\u00e4rztlicher Notdienst<\/td>\n<td>(089) 29 45 28<\/td>\n<\/tr>\n<\/tbody>\n<\/table>\n<p style=\"text-align: center;\">\n<table style=\"width: 100%;\" border=\"0\" cellspacing=\"0\" cellpadding=\"8\">\n<thead>\n<tr>\n<th width=\"50%\">Entst\u00f6rdienste<\/th>\n<th width=\"50%\"><\/th>\n<\/tr>\n<\/thead>\n<tbody>\n<tr valign=\"TOP\">\n<td>Strom: e.on Bayern \/St\u00f6rungen<\/td>\n<td>(01802) 19 20 91<\/td>\n<\/tr>\n<tr valign=\"TOP\">\n<td>e.on Bayern\/Service<\/td>\n<td>(01804) 19 20 21<\/td>\n<\/tr>\n<tr valign=\"TOP\">\n<td>Gas: Erdgas S\u00fcdbayern (Ebersberg)<\/td>\n<td>(08092) 8 24 50<\/td>\n<\/tr>\n<tr valign=\"TOP\">\n<td>Kanalwache<\/td>\n<td>(089) 60 80 910<\/td>\n<\/tr>\n<\/tbody>\n<\/table>\n<table style=\"height: 112px;\" border=\"0\" width=\"838\" cellpadding=\"0\">\n<tbody>\n<tr>\n<td width=\"100%\"><\/td>\n<td width=\"100%\"><\/td>\n<td width=\"100%\"><\/td>\n<td width=\"100%\"><\/td>\n<\/tr>\n<\/tbody>\n<\/table>\n\n\n<h2 class=\"wp-block-heading\">Notfallpass f\u00fcrs Handy<\/h2>\n\n\n\n<p><strong>Hast Du bereits Deine Notfallinformationen im Handy hinterlegt? Sollte es zu einem Unfall oder medizinischen Notfall kommen, k\u00f6nnen die dort hinterlegten Infos wertvolle Zeit sparen und die Erstversorgung erleichtern.&nbsp;<\/strong><\/p>\n\n\n\n<ul class=\"wp-block-list\">\n<li>iOS: <a href=\"https:\/\/support.apple.com\/de-de\/105072\" target=\"_blank\" rel=\"noreferrer noopener\">https:\/\/support.apple.com\/de-de\/105072<\/a><\/li>\n\n\n\n<li>Android: <a href=\"https:\/\/www.heise.de\/tipps-tricks\/Notfallkontakt-auf-Android-einrichten-so-geht-s-6330397.html\" target=\"_blank\" rel=\"noreferrer noopener\">https:\/\/www.heise.de\/tipps-tricks\/Notfallkontakt-auf-Android-einrichten-so-geht-s-6330397.html<\/a><\/li>\n<\/ul>\n\n\n\n<h2 class=\"wp-block-heading\">NORA &#8211; Notruf-App f\u00fcr Menschen mit Einschr\u00e4nkungen<\/h2>\n\n\n\n<div class=\"wp-block-media-text is-stacked-on-mobile\" style=\"grid-template-columns:44% auto\"><figure class=\"wp-block-media-text__media\"><a href=\"https:\/\/www.nora-notruf.de\/de-as\"><img loading=\"lazy\" decoding=\"async\" width=\"1015\" height=\"403\" src=\"https:\/\/www.feuerwehrhoehenkirchen.de\/wp-content\/uploads\/2024\/02\/Screenshot-2024-02-16-115034.png\" alt=\"\" class=\"wp-image-2844 size-full\" srcset=\"https:\/\/www.feuerwehr-hoehenkirchen.de\/wp-content\/uploads\/2024\/02\/Screenshot-2024-02-16-115034.png 1015w, https:\/\/www.feuerwehr-hoehenkirchen.de\/wp-content\/uploads\/2024\/02\/Screenshot-2024-02-16-115034-300x119.png 300w, https:\/\/www.feuerwehr-hoehenkirchen.de\/wp-content\/uploads\/2024\/02\/Screenshot-2024-02-16-115034-768x305.png 768w\" sizes=\"(max-width: 1015px) 100vw, 1015px\" \/><\/a><\/figure><div class=\"wp-block-media-text__content\">\n<p>Mit der App erreichen Sie Polizei, Feuerwehr und Rettungsdienst im Notfall schnell und einfach. \u00dcberall in Deutschland.<\/p>\n\n\n\n<p>Die Notruf-App kann von jedem genutzt werden, der sich in Deutschland aufh\u00e4lt und in einer Notsituation schnell Hilfe braucht.&nbsp;<\/p>\n<\/div><\/div>\n\n\n\n<p>Besonders hilfreich ist nora f\u00fcr Menschen, die nicht oder nicht gut telefonieren k\u00f6nnen, weil sie zum Beispiel eine Sprach- oder H\u00f6rbehinderung haben. Oder weil sie Deutsch nicht so sicher sprechen, dass sie sich am Telefon gut verst\u00e4ndigen k\u00f6nnen.&nbsp;<\/p>\n\n\n\n<p>nora ist so aufgebaut, dass man auch mit geringen Sprachkenntnissen und ganz ohne zu sprechen einen Notruf mit den wichtigsten Informationen absetzen kann. Dabei helfen Symbole, klare Texte und eine intuitive Nutzerf\u00fchrung.<\/p>\n","protected":false},"excerpt":{"rendered":"<p>In lebensbedrohlichen Lagen jeder Art: 112 Feuerwehr, Rettungsdienst 112 (Europaweit) Polizei 110 Giftnotruf (089) 19 [&hellip;]<\/p>\n","protected":false},"author":2,"featured_media":0,"parent":20,"menu_order":2,"comment_status":"closed","ping_status":"closed","template":"","meta":{"footnotes":""},"class_list":["post-51","page","type-page","status-publish","hentry"],"rttpg_featured_image_url":null,"rttpg_author":{"display_name":"Max Buchner","author_link":"https:\/\/www.feuerwehr-hoehenkirchen.de\/index.php\/author\/mbuchner\/"},"rttpg_comment":0,"rttpg_category":null,"rttpg_excerpt":"In lebensbedrohlichen Lagen jeder Art: 112 Feuerwehr, Rettungsdienst 112 (Europaweit) Polizei 110 Giftnotruf (089) 19 [&hellip;]","_links":{"self":[{"href":"https:\/\/www.feuerwehr-hoehenkirchen.de\/index.php\/wp-json\/wp\/v2\/pages\/51"}],"collection":[{"href":"https:\/\/www.feuerwehr-hoehenkirchen.de\/index.php\/wp-json\/wp\/v2\/pages"}],"about":[{"href":"https:\/\/www.feuerwehr-hoehenkirchen.de\/index.php\/wp-json\/wp\/v2\/types\/page"}],"author":[{"embeddable":true,"href":"https:\/\/www.feuerwehr-hoehenkirchen.de\/index.php\/wp-json\/wp\/v2\/users\/2"}],"replies":[{"embeddable":true,"href":"https:\/\/www.feuerwehr-hoehenkirchen.de\/index.php\/wp-json\/wp\/v2\/comments?post=51"}],"version-history":[{"count":0,"href":"https:\/\/www.feuerwehr-hoehenkirchen.de\/index.php\/wp-json\/wp\/v2\/pages\/51\/revisions"}],"up":[{"embeddable":true,"href":"https:\/\/www.feuerwehr-hoehenkirchen.de\/index.php\/wp-json\/wp\/v2\/pages\/20"}],"wp:attachment":[{"href":"https:\/\/www.feuerwehr-hoehenkirchen.de\/index.php\/wp-json\/wp\/v2\/media?parent=51"}],"curies":[{"name":"wp","href":"https:\/\/api.w.org\/{rel}","templated":true}]}}