{"id":36,"date":"2012-12-31T16:08:04","date_gmt":"2012-12-31T15:08:04","guid":{"rendered":"http:\/\/ffw-hoehenkirchen.de\/?page_id=36"},"modified":"2025-03-26T11:26:50","modified_gmt":"2025-03-26T11:26:50","slug":"verein","status":"publish","type":"page","link":"https:\/\/www.feuerwehr-hoehenkirchen.de\/index.php\/verein\/","title":{"rendered":"Verein"},"content":{"rendered":"<div class=\"wp-block-image\">\n<figure class=\"alignright\"><img decoding=\"async\" src=\"http:\/\/ffw-hoehenkirchen.de\/wp-content\/uploads\/2012\/12\/fahne-347x352.jpg\" alt=\"\" class=\"wp-image-90\"\/><\/figure><\/div>\n\n\n<p>Unser Verein \u201eFreiwillige Feuerwehr H\u00f6henkirchen e.V.\u201c ist ein eingetragener gemeinn\u00fctziger Verein und wurde zur F\u00f6rderung des \u00f6rtlichen Brandschutzes gegr\u00fcndet. Unser Zweck ist die Unterst\u00fctzung der 1875 gegr\u00fcndeten Freiwilligen Feuerwehr H\u00f6henkirchen durch Mitgliederwerbung und durch das Stellen von Einsatzkr\u00e4ften. In Zeiten leerer Kassen, springen wir bei vielen Gelegenheiten ein. Ein weiterer sehr wichtiger Aspekt ist die F\u00f6rderung der Kameradschaft sowie die F\u00f6rderung des Feuer-, Katastrophen- und Zivilschutzes und des traditionellen Brauchtums (bspw. durch die Pflege und den Erhalt historischer Feuerwehr- ausr\u00fcstungsgegenst\u00e4nde).<\/p>\n\n\n\n<p>Alle unseren aktiven Feuerwehrm\u00e4nner und \u2013frauen sind in ihrer Feuerwehrfunktion ehrenamtlich t\u00e4tig. Sie gehen ganz normalen Berufen nach und setzen einen Teil ihrer Freizeit f\u00fcr die Feuerwehr und somit f\u00fcr die B\u00fcrger H\u00f6henkirchens ein.<\/p>\n\n\n\n<p>Neben aktiven Einsatzkr\u00e4ften hat der Verein auch passive (ehemalige Feuerwehrleute) und f\u00f6rdernde Mitglieder. Kinder und Jugendliche k\u00f6nnen sich in unserer Kinderfeuerwehr \u201eFeuertiger\u201c (6-11 Jahre) und bei der Jugendfeuerwehr (12-17 Jahre) engagieren.<\/p>\n\n\n\n<p>Wenn auch Sie die Freiwillige Feuerwehr H\u00f6henkirchen unterst\u00fctzen m\u00f6chten, k\u00f6nnen Sie auch die Seite <a href=\"https:\/\/www.feuerwehrhoehenkirchen.de\/index.php\/informationen\/feuerwehr\/\" data-type=\"page\" data-id=\"27\">Feuerwehr &#8211; Mitmachen<\/a> besuchen.<\/p>\n\n\n\n<p>F\u00fcr weitere Fragen stehe ich Ihnen jederzeit gerne zur Vergn\u00fcgung.<\/p>\n\n\n\n<p>Mit freundlichen Gr\u00fc\u00dfen<\/p>\n\n\n\n<p>Manfred Zachacker<\/p>\n\n\n\n<ol class=\"wp-block-list\">\n<li>Vorstand<\/li>\n<\/ol>\n\n\n\n<div style=\"text-align: justify;\">\n<p>Wir freuen uns \u00fcber Ihre Spende:<\/p>\n<p>Kreissparkasse M\u00fcnchen-Starnberg-Ebersberg<\/p>\n<p>IBAN: DE64 7025 0150 0100 9368 06<\/p>\n<p>BIC: &nbsp; BYLADEM1KMS<\/p>\n<p>bzw.<br>Raiffeisenbank H\u00f6henkirchen und Umgebung<\/p>\n<p><span style=\"color: #008000;\">neue IBAN: DE38 7116 0000 0100 0203 38<\/span><\/p>\n<p>BIC: &nbsp; GENODEF1VRR<\/p>\n<\/div>\n","protected":false},"excerpt":{"rendered":"<p>Unser Verein \u201eFreiwillige Feuerwehr H\u00f6henkirchen e.V.\u201c ist ein eingetragener gemeinn\u00fctziger Verein und wurde zur F\u00f6rderung [&hellip;]<\/p>\n","protected":false},"author":2,"featured_media":0,"parent":0,"menu_order":5,"comment_status":"closed","ping_status":"closed","template":"","meta":{"footnotes":""},"class_list":["post-36","page","type-page","status-publish","hentry"],"rttpg_featured_image_url":null,"rttpg_author":{"display_name":"Max Buchner","author_link":"https:\/\/www.feuerwehr-hoehenkirchen.de\/index.php\/author\/mbuchner\/"},"rttpg_comment":0,"rttpg_category":null,"rttpg_excerpt":"Unser Verein \u201eFreiwillige Feuerwehr H\u00f6henkirchen e.V.\u201c ist ein eingetragener gemeinn\u00fctziger Verein und wurde zur F\u00f6rderung [&hellip;]","_links":{"self":[{"href":"https:\/\/www.feuerwehr-hoehenkirchen.de\/index.php\/wp-json\/wp\/v2\/pages\/36"}],"collection":[{"href":"https:\/\/www.feuerwehr-hoehenkirchen.de\/index.php\/wp-json\/wp\/v2\/pages"}],"about":[{"href":"https:\/\/www.feuerwehr-hoehenkirchen.de\/index.php\/wp-json\/wp\/v2\/types\/page"}],"author":[{"embeddable":true,"href":"https:\/\/www.feuerwehr-hoehenkirchen.de\/index.php\/wp-json\/wp\/v2\/users\/2"}],"replies":[{"embeddable":true,"href":"https:\/\/www.feuerwehr-hoehenkirchen.de\/index.php\/wp-json\/wp\/v2\/comments?post=36"}],"version-history":[{"count":3,"href":"https:\/\/www.feuerwehr-hoehenkirchen.de\/index.php\/wp-json\/wp\/v2\/pages\/36\/revisions"}],"predecessor-version":[{"id":3076,"href":"https:\/\/www.feuerwehr-hoehenkirchen.de\/index.php\/wp-json\/wp\/v2\/pages\/36\/revisions\/3076"}],"wp:attachment":[{"href":"https:\/\/www.feuerwehr-hoehenkirchen.de\/index.php\/wp-json\/wp\/v2\/media?parent=36"}],"curies":[{"name":"wp","href":"https:\/\/api.w.org\/{rel}","templated":true}]}}