{"id":34,"date":"2012-12-31T16:07:38","date_gmt":"2012-12-31T15:07:38","guid":{"rendered":"http:\/\/ffw-hoehenkirchen.de\/?page_id=34"},"modified":"2012-12-31T16:07:38","modified_gmt":"2012-12-31T15:07:38","slug":"brandschutzerziehung","status":"publish","type":"page","link":"https:\/\/www.feuerwehr-hoehenkirchen.de\/index.php\/uber-uns\/brandschutzerziehung\/","title":{"rendered":"Brandschutzerziehung"},"content":{"rendered":"<h4>Warum ist Brandschutzerziehung und -aufkl\u00e4rung wichtig?<\/h4>\n<p>Feuer \u00fcbt auf Kinder eine geradezu magische Faszination aus. Doch der sorglose und nicht geschulte Umgang mit Feuer f\u00fchrt jedes Jahr aufs Neue zu vielen Brandopfern und hohen Sachsch\u00e4den. Dabei erschreckt die Tatsache, dass viele Wohnungsbr\u00e4nde durch z\u00fcndelnde Kinder verursacht werden. Grund genug, bereits fr\u00fchzeitig im Kindergarten mit der Brandschutzerziehung (BE) zu beginnen. Doch auch die Brandschutzaufkl\u00e4rung (BA) f\u00fcr Erwachsene ist ein wichtiger Baustein der Brandverh\u00fctung. Wir bieten Brandschutzerziehung f\u00fcr Kindergartenkinder, Vorschulkinder, Schulkinder der 3. Jahrgangsstufe sowie Brandschutzaufkl\u00e4rung f\u00fcr Erwachsene und Senioren an.\u00a0 Unsere Themengebiete: \u201eFeuer als Feind\u201c aber auch \u201eFeuer als Freund\u201c sind wichtige Ausbildungsinhalte bei der Brandschutzerziehung. Das richtige Absetzen eines Notrufes und das richtige Verhalten im Brandfall wollen gelernt sein. Wir \u00fcben gemeinsam mit den Kindern und Erziehern, was brennt, wie man etwas Brennendes l\u00f6scht (Versuche), wo und wie man Hilfe holt, wie man den Notruf unter der Nummer 112 absetzt (Praktische \u00dcbung) und untersuchen die Schutzkleidung der Feuerwehr (f\u00fchlen, sehen) inklusive des Atemschutzes, damit den Kindern im Einsatzfall etwas die Angst vor den Atem-Ger\u00e4uschen eines Atemschutzger\u00e4tes genommen wird. Es ist ein guter Mix aus anschaulicher, kindgerechter Theorie mit praktischen Versuchen, Rate- und Bewegungsspielen zu den Themen<\/p>\n<p>\u2026 Verhalten bei Rauch<\/p>\n<p>\u2026 was geschieht, wenn die Feuerwehr kommt,<\/p>\n<p>\u2026 was macht man, wenn Kleidung brennt<\/p>\n<p>\u2026 Absetzen eines Notrufs.<\/p>\n<h4>Hintergrund:<\/h4>\n<p>Brandschutzerziehung und Brandschutzaufkl\u00e4rung Seit 1997 praktiziert der Landesfeuerwehrverband Bayern und somit auch die Feuerwehr H\u00f6henkirchen die Brandschutzerziehung f\u00fcr Kinder in Kinderg\u00e4rten und Schulen. Seit einigen Jahren hat die Feuerwehr H\u00f6henkirchen auch die Arbeit im Bereich der Brandschutzaufkl\u00e4rung f\u00fcr Erwachsene und Senioren im Seniorenwohnheim am Schlossanger verst\u00e4rkt. Im Zuge der Inklusion an bayrischen Schulen wollen wir die Arbeit mit Menschen mit Behinderung verst\u00e4rken. Sind Sie Eltern eines behinderten Kindes, scheuen Sie sich bitte nicht und kontaktieren Sie uns, damit wir uns optimal auf Ihr Kind einstellen k\u00f6nnen. Die Feuerwehrarbeit mit Menschen mit Behinderung ist \u00e4u\u00dferst wichtig, sie braucht Vorbereitung und p\u00e4dagogisches Fingerspitzengef\u00fchl.<\/p>\n","protected":false},"excerpt":{"rendered":"<p>Warum ist Brandschutzerziehung und -aufkl\u00e4rung wichtig? Feuer \u00fcbt auf Kinder eine geradezu magische Faszination aus. [&hellip;]<\/p>\n","protected":false},"author":2,"featured_media":0,"parent":2370,"menu_order":6,"comment_status":"closed","ping_status":"closed","template":"","meta":{"footnotes":""},"class_list":["post-34","page","type-page","status-publish","hentry"],"rttpg_featured_image_url":null,"rttpg_author":{"display_name":"Max Buchner","author_link":"https:\/\/www.feuerwehr-hoehenkirchen.de\/index.php\/author\/mbuchner\/"},"rttpg_comment":0,"rttpg_category":null,"rttpg_excerpt":"Warum ist Brandschutzerziehung und -aufkl\u00e4rung wichtig? Feuer \u00fcbt auf Kinder eine geradezu magische Faszination aus. [&hellip;]","_links":{"self":[{"href":"https:\/\/www.feuerwehr-hoehenkirchen.de\/index.php\/wp-json\/wp\/v2\/pages\/34"}],"collection":[{"href":"https:\/\/www.feuerwehr-hoehenkirchen.de\/index.php\/wp-json\/wp\/v2\/pages"}],"about":[{"href":"https:\/\/www.feuerwehr-hoehenkirchen.de\/index.php\/wp-json\/wp\/v2\/types\/page"}],"author":[{"embeddable":true,"href":"https:\/\/www.feuerwehr-hoehenkirchen.de\/index.php\/wp-json\/wp\/v2\/users\/2"}],"replies":[{"embeddable":true,"href":"https:\/\/www.feuerwehr-hoehenkirchen.de\/index.php\/wp-json\/wp\/v2\/comments?post=34"}],"version-history":[{"count":0,"href":"https:\/\/www.feuerwehr-hoehenkirchen.de\/index.php\/wp-json\/wp\/v2\/pages\/34\/revisions"}],"up":[{"embeddable":true,"href":"https:\/\/www.feuerwehr-hoehenkirchen.de\/index.php\/wp-json\/wp\/v2\/pages\/2370"}],"wp:attachment":[{"href":"https:\/\/www.feuerwehr-hoehenkirchen.de\/index.php\/wp-json\/wp\/v2\/media?parent=34"}],"curies":[{"name":"wp","href":"https:\/\/api.w.org\/{rel}","templated":true}]}}