{"id":32,"date":"2012-12-31T16:07:06","date_gmt":"2012-12-31T15:07:06","guid":{"rendered":"http:\/\/ffw-hoehenkirchen.de\/?page_id=32"},"modified":"2024-05-24T11:13:27","modified_gmt":"2024-05-24T11:13:27","slug":"jugend","status":"publish","type":"page","link":"https:\/\/www.feuerwehr-hoehenkirchen.de\/index.php\/uber-uns\/jugend\/","title":{"rendered":"Jugend"},"content":{"rendered":"\n<figure class=\"wp-block-video\"><video autoplay controls loop src=\"https:\/\/www.feuerwehrhoehenkirchen.de\/wp-content\/uploads\/2012\/12\/fbbanner-klein.mp4\"><\/video><\/figure>\n\n\n\n<figure class=\"wp-block-gallery has-nested-images columns-4 is-cropped wp-block-gallery-1 is-layout-flex wp-block-gallery-is-layout-flex\">\n<figure class=\"wp-block-image size-large\"><img loading=\"lazy\" decoding=\"async\" width=\"1024\" height=\"741\" data-id=\"79\" src=\"https:\/\/www.feuerwehrhoehenkirchen.de\/wp-content\/uploads\/2012\/12\/2010_05_08_6787-1024x741.jpg\" alt=\"\" class=\"wp-image-79\" srcset=\"https:\/\/www.feuerwehr-hoehenkirchen.de\/wp-content\/uploads\/2012\/12\/2010_05_08_6787-1024x741.jpg 1024w, https:\/\/www.feuerwehr-hoehenkirchen.de\/wp-content\/uploads\/2012\/12\/2010_05_08_6787-300x217.jpg 300w, https:\/\/www.feuerwehr-hoehenkirchen.de\/wp-content\/uploads\/2012\/12\/2010_05_08_6787-768x556.jpg 768w, https:\/\/www.feuerwehr-hoehenkirchen.de\/wp-content\/uploads\/2012\/12\/2010_05_08_6787-1536x1112.jpg 1536w, https:\/\/www.feuerwehr-hoehenkirchen.de\/wp-content\/uploads\/2012\/12\/2010_05_08_6787.jpg 1727w\" sizes=\"(max-width: 1024px) 100vw, 1024px\" \/><\/figure>\n\n\n\n<figure class=\"wp-block-image size-large\"><img decoding=\"async\" data-id=\"80\" src=\"https:\/\/mbuchner.de\/wp-content\/uploads\/2012\/12\/2010_09_18_5480-1024x705.jpg\" alt=\"\" class=\"wp-image-80\"\/><\/figure>\n\n\n\n<figure class=\"wp-block-image size-large\"><img loading=\"lazy\" decoding=\"async\" width=\"1024\" height=\"738\" data-id=\"81\" src=\"https:\/\/www.feuerwehrhoehenkirchen.de\/wp-content\/uploads\/2012\/12\/2010_05_08_6875-1024x738.jpg\" alt=\"\" class=\"wp-image-81\" srcset=\"https:\/\/www.feuerwehr-hoehenkirchen.de\/wp-content\/uploads\/2012\/12\/2010_05_08_6875-1024x738.jpg 1024w, https:\/\/www.feuerwehr-hoehenkirchen.de\/wp-content\/uploads\/2012\/12\/2010_05_08_6875-300x216.jpg 300w, https:\/\/www.feuerwehr-hoehenkirchen.de\/wp-content\/uploads\/2012\/12\/2010_05_08_6875-768x554.jpg 768w, https:\/\/www.feuerwehr-hoehenkirchen.de\/wp-content\/uploads\/2012\/12\/2010_05_08_6875-1536x1107.jpg 1536w, https:\/\/www.feuerwehr-hoehenkirchen.de\/wp-content\/uploads\/2012\/12\/2010_05_08_6875.jpg 1591w\" sizes=\"(max-width: 1024px) 100vw, 1024px\" \/><\/figure>\n\n\n\n<figure class=\"wp-block-image size-large\"><img loading=\"lazy\" decoding=\"async\" width=\"1024\" height=\"740\" data-id=\"82\" src=\"https:\/\/www.feuerwehrhoehenkirchen.de\/wp-content\/uploads\/2012\/12\/2010_05_08_6888-1024x740.jpg\" alt=\"\" class=\"wp-image-82\" srcset=\"https:\/\/www.feuerwehr-hoehenkirchen.de\/wp-content\/uploads\/2012\/12\/2010_05_08_6888-1024x740.jpg 1024w, https:\/\/www.feuerwehr-hoehenkirchen.de\/wp-content\/uploads\/2012\/12\/2010_05_08_6888-300x217.jpg 300w, https:\/\/www.feuerwehr-hoehenkirchen.de\/wp-content\/uploads\/2012\/12\/2010_05_08_6888-768x555.jpg 768w, https:\/\/www.feuerwehr-hoehenkirchen.de\/wp-content\/uploads\/2012\/12\/2010_05_08_6888-1536x1110.jpg 1536w, https:\/\/www.feuerwehr-hoehenkirchen.de\/wp-content\/uploads\/2012\/12\/2010_05_08_6888-2048x1481.jpg 2048w\" sizes=\"(max-width: 1024px) 100vw, 1024px\" \/><\/figure>\n<\/figure>\n\n\n\n<h4 class=\"wp-block-heading\">&nbsp;<\/h4>\n\n\n\n<h4 class=\"wp-block-heading\">Was ist die Jugendfeuerwehr?<\/h4>\n\n\n\n<p>Die Jugendfeuerwehr ist eine Freizeitbesch\u00e4ftigung bei der sich Jugendliche im Alter von 12 bis 18 Jahren jeden zweiten Mittwoch treffen. Sie ist genau richtig f\u00fcr die, die sich f\u00fcr coole Technik begeistern&nbsp; und viel Spa\u00df mit Gleichaltrigen haben wollen. Die Jugendfeuerwehr ist ein actiongeladenes Hobby, dem man sich, wegen des vergleichsweise geringen Zeitaufwandes, ideal neben der Schule widmen kann.<\/p>\n\n\n\n<h4 class=\"wp-block-heading\">&nbsp;<\/h4>\n\n\n\n<h4 class=\"wp-block-heading\">Wer darf zur Jugendfeuerwehr ?<\/h4>\n\n\n\n<p>Jeder, jedoch solltest du in H\u00f6henkirchen-Siegertsbrunn oder n\u00e4chster Umgebung wohnen und k\u00f6rperlich sowie geistig fit sein. Das Mindestalter betr\u00e4gt 12 Jahre. Auch M\u00e4dchen k\u00f6nnen sich bei der Jugendfeuerwehr stark behaupten und machen den Jungs oft was vor.<\/p>\n\n\n\n<h4 class=\"wp-block-heading\">&nbsp;<\/h4>\n\n\n\n<h4 class=\"wp-block-heading\">Was bringt mir die Jugendfeuerwehr?<\/h4>\n\n\n\n<p>Eine sehr abwechslungsreiche Freizeitgestaltung bei der man auch noch etwas Sinnvolles lernt, wie Teamarbeit und noch vieles mehr. Nat\u00fcrlich kann bei unseren vorwiegend praktischen \u00dcbungen mit echtem Ger\u00e4t die Disziplin nicht zu kurz kommen. Gro\u00dfes Vertrauen und Teamf\u00e4higkeit sind daher vorausgesetzt.<\/p>\n\n\n\n<h4 class=\"wp-block-heading\">&nbsp;<\/h4>\n\n\n\n<h4 class=\"wp-block-heading\">Was genau macht man bei der Jugendfeuerwehr?<\/h4>\n\n\n\n<p>Neben den \u00dcbungen jeden zweiten Samstagvormittag finden in und au\u00dferhalb der Ferien Zeltlager, Wettk\u00e4mpfe mit anderen Jugendfeuerwehren, Grillfeste und Ausfl\u00fcge wie zum Beispiel zur Flughafenfeuerwehr oder zu Feuerwehraktionstagen statt.<\/p>\n\n\n\n<p>Aber komm doch mal an einem \u00dcbungsabend vorbei. Die Termine erf\u00e4hrst Du bei unseren <a href=\"https:\/\/www.feuerwehrhoehenkirchen.de\/index.php\/kontakt\/\" data-type=\"page\" data-id=\"24\">Jugendwarten<\/a>. Neugierige sind bei uns immer willkommen.<\/p>\n\n\n\n<p><\/p>\n\n\n\n<h3 class=\"wp-block-heading\">Was kostet die Teilnahme bei der Jugendfeuerwehr ?<\/h3>\n\n\n\n<p>Nichts, alles ist kostenlos. Die Feuerwehr ist eine Organisation der Gemeinde und wird daher \u00fcber sie und Spenden finanziert. Es fallen h\u00f6chstens f\u00fcr Freizeitaktivit\u00e4ten, wie Zeltlager o.\u00e4. kleine Betr\u00e4ge an, wenn die Kosten nicht ganz durch die Zusch\u00fcsse der Feuerwehr und des Feuerwehrvereins gedeckt werden k\u00f6nnen.<\/p>\n\n\n\n<h3 class=\"wp-block-heading\">Was ist der Unterschied zwischen aktiver Feuerwehr und Jugendfeuerwehr?<\/h3>\n\n\n\n<p>Ab 12 Jahren kann man an den \u00dcbungen der Jugendfeuerwehr aktiv teilnehmen. Mit 16 Jahren kann man die Pr\u00fcfung der Modularen Truppausbildung (MTA) Teil 1 ablegen und wird Mitglied der aktiven Feuerwehr. Bereits mit 16 darf man dann den erfahrenen Feuerwehrleuten beim Einsatz \u00fcber die Schultern schauen. Davor gibt es bei der Jugendfeuerwehr viele \u00dcbungen mit jeder Menge Action. Dort kann alles unter Aufsicht der Ausbilder trainiert werden, denn Sicherheit und Unfallverh\u00fctung stehen, besonders bei der Jugendfeuerwehr, an erster Stelle.<\/p>\n\n\n\n<h3 class=\"wp-block-heading\">Wer ist Ausbilder bei der Jugendfeuerwehr?<\/h3>\n\n\n\n<p>Alle Ausbilder sind erfahrene Feuerwehrfrauen und -m\u00e4nner, die auf speziellen Lehrg\u00e4ngen f\u00fcr die Jugendarbeit geschult wurden. Sie gehen gerne auf die Probleme der Jugendlichen ein und sind Ansprechpartner in allen Situationen. F\u00fcr die aktuelle Gr\u00f6\u00dfe der Jugendtruppe wechseln sich mehrere Ausbilder ab. Dies ist mit hohem Engagement verbunden und verdient gro\u00dfen Respekt.<\/p>\n\n\n\n<h3 class=\"wp-block-heading\">Ziel: Jugendarbeit<\/h3>\n\n\n\n<p>Das Hauptziel der Jugendfeuerwehr ist nicht &#8221; Retten-L\u00f6schen-Bergen-Sch\u00fctzen&#8221;, sondern die Jugendarbeit. Diese beinhaltet, den Kindern und Jugendlichen Verantwortungsbewusstsein beizubringen, das soziale Engagement zu f\u00f6rdern, die Freizeit aktiv und spannend zu gestalten, Begegnung und Freundschaft mit anderen Jugendlichen, auch international, zu erm\u00f6glichen, an Sportveranstaltungen und gemeinsamen Feiern teilzunehmen und ihnen die Traditionspflege nahezubringen.<\/p>\n\n\n\n<p><strong>Bei Fragen k\u00f6nnen Sie sich jederzeit an <a href=\"mailto:jugend@feuerwehr-hoehenkirchen.de\">jugend[at]feuerwehr-hoehenkirchen.de<\/a> wenden.<\/strong><\/p>\n","protected":false},"excerpt":{"rendered":"<p>&nbsp; Was ist die Jugendfeuerwehr? Die Jugendfeuerwehr ist eine Freizeitbesch\u00e4ftigung bei der sich Jugendliche im [&hellip;]<\/p>\n","protected":false},"author":2,"featured_media":0,"parent":2370,"menu_order":4,"comment_status":"closed","ping_status":"closed","template":"","meta":{"footnotes":""},"class_list":["post-32","page","type-page","status-publish","hentry"],"rttpg_featured_image_url":null,"rttpg_author":{"display_name":"Max Buchner","author_link":"https:\/\/www.feuerwehr-hoehenkirchen.de\/index.php\/author\/mbuchner\/"},"rttpg_comment":0,"rttpg_category":null,"rttpg_excerpt":"&nbsp; Was ist die Jugendfeuerwehr? Die Jugendfeuerwehr ist eine Freizeitbesch\u00e4ftigung bei der sich Jugendliche im [&hellip;]","_links":{"self":[{"href":"https:\/\/www.feuerwehr-hoehenkirchen.de\/index.php\/wp-json\/wp\/v2\/pages\/32"}],"collection":[{"href":"https:\/\/www.feuerwehr-hoehenkirchen.de\/index.php\/wp-json\/wp\/v2\/pages"}],"about":[{"href":"https:\/\/www.feuerwehr-hoehenkirchen.de\/index.php\/wp-json\/wp\/v2\/types\/page"}],"author":[{"embeddable":true,"href":"https:\/\/www.feuerwehr-hoehenkirchen.de\/index.php\/wp-json\/wp\/v2\/users\/2"}],"replies":[{"embeddable":true,"href":"https:\/\/www.feuerwehr-hoehenkirchen.de\/index.php\/wp-json\/wp\/v2\/comments?post=32"}],"version-history":[{"count":2,"href":"https:\/\/www.feuerwehr-hoehenkirchen.de\/index.php\/wp-json\/wp\/v2\/pages\/32\/revisions"}],"predecessor-version":[{"id":3031,"href":"https:\/\/www.feuerwehr-hoehenkirchen.de\/index.php\/wp-json\/wp\/v2\/pages\/32\/revisions\/3031"}],"up":[{"embeddable":true,"href":"https:\/\/www.feuerwehr-hoehenkirchen.de\/index.php\/wp-json\/wp\/v2\/pages\/2370"}],"wp:attachment":[{"href":"https:\/\/www.feuerwehr-hoehenkirchen.de\/index.php\/wp-json\/wp\/v2\/media?parent=32"}],"curies":[{"name":"wp","href":"https:\/\/api.w.org\/{rel}","templated":true}]}}