{"id":30,"date":"2012-12-31T16:06:34","date_gmt":"2012-12-31T15:06:34","guid":{"rendered":"http:\/\/ffw-hoehenkirchen.de\/?page_id=30"},"modified":"2012-12-31T16:06:34","modified_gmt":"2012-12-31T15:06:34","slug":"fuhrung","status":"publish","type":"page","link":"https:\/\/www.feuerwehr-hoehenkirchen.de\/index.php\/uber-uns\/fuhrung\/","title":{"rendered":"F\u00fchrung"},"content":{"rendered":"<p><!--\n\n\n<p style=\"text-align: center;\"><img loading=\"lazy\" decoding=\"async\" class=\"aligncenter size-medium wp-image-73\" src=\"http:\/\/ffw-hoehenkirchen.de\/wp-content\/uploads\/2012\/12\/Collage-694x188.jpg\" alt=\"F\u00fchrung\" width=\"694\" height=\"188\" \/><\/p>\n\n\n\n<small><em>Die F\u00fchrung(ohne Reihenfolge): Ralf Klingl (Gruppenf\u00fchrer), Bernhard Hirsch (Zugf\u00fchrer), Andreas Schnitzler (Zugf\u00fchrer), Nikola Schwaiger (Kommandantin), Otto Bu\u00dfj\u00e4ger (Gruppenf\u00fchrer), Denise D\u00e4umling (Gruppenf\u00fchrerin)\nNicht im Bild:<em> Christoph P\u00f6ttinger (Gruppenf\u00fchrer), Michi Rochow (stellv. Kommandant), Peter Guggenberger (Gruppenf\u00fchrer), Josef Oberneder (Zugf\u00fchrer), Ben Schmid (Gruppenf\u00fchrer)\n<\/em><\/em><\/small>\n--><\/p>\n<h2 style=\"text-align: center;\">VERANTWORTUNG. KOMPETENZ. EHRENAMTLICH<\/h2>\n<p>Oft wird der Aufwand untersch\u00e4tzt, der n\u00f6tig ist, eine Freiwillige Feuerwehr zu f\u00fchren. \u00dcbungen organisieren, Lehrg\u00e4nge besuchen, sich auf das Leiten von Eins\u00e4tzen vorbereiten oder auch die Verwaltungsarbeiten erledigen &#8211; diese umfangreichen Aufgaben werden zum gro\u00dfen Teil von unserem F\u00fchrungspersonal getragen. Dabei kann sich Jeder einbringen, der dies m\u00f6chte. Die meisten Lehrg\u00e4nge bauen aufeinander auf und man kann mit der Zeit immer mehr Wissen erwerben und selbst&nbsp; verantwortungsvollere Aufgaben \u00fcbernehmen..<\/p>\n<p><strong>Der Kommandant<\/strong><\/p>\n<p>Er wird auf sechs Jahre von der aktiven Mannschaft gew\u00e4hlt und ist Ansprechpartner f\u00fcr B\u00fcrger und die Gemeinde. Er ist mit seinem Stellvertreter f\u00fcr die Leitung und Verwaltung der Feuerwehr zust\u00e4ndig. Seid Anfang Juli 2020 wird die Feuerwehr H\u00f6henkirchen von Kommandant Christoph P\u00f6ttinger geleitet.<\/p>\n<p><strong>Die Zug- und Gruppenf\u00fchrer<\/strong><\/p>\n<p>Sie leiten zusammen einen festen Teil der Mannschaft und organisieren \u00dcbungen f\u00fcr ihre Gruppe bzw. den Zug, f\u00fchren \u00dcbungen mit den Atemschutzger\u00e4tetr\u00e4gern durch und \u00fcben mit den Maschinisten. Sie sind im Einsatz einem Fahrzeug zugeteilt und koordinieren die Einsatzkr\u00e4fte. Gruppen-, Zugf\u00fchrer und die Kommandantur treffen Entscheidungen \u00fcber die Feuerwehr.<\/p>\n<p><strong>Der Jugendwart<\/strong><\/p>\n<p>Hat eine \u00e4hnliche Funktion wie ein Gruppenf\u00fchrer, mit dem Unterschied, dass er\/sie die Jugendgruppe (der 12-18 j\u00e4hrigen) der Feuerwehr H\u00f6henkirchen leitet. Der Jugendwart Tobias Tegel wird durch seinen stellv. Jugendwart Alexander Loos unterst\u00fctzt. Die Jugendwarte sind Ansprechpartner f\u00fcr Kommandantur, die Jugendlichen, aber auch f\u00fcr deren Eltern.<\/p>\n","protected":false},"excerpt":{"rendered":"<p>VERANTWORTUNG. KOMPETENZ. EHRENAMTLICH Oft wird der Aufwand untersch\u00e4tzt, der n\u00f6tig ist, eine Freiwillige Feuerwehr zu [&hellip;]<\/p>\n","protected":false},"author":2,"featured_media":0,"parent":2370,"menu_order":2,"comment_status":"closed","ping_status":"closed","template":"","meta":{"footnotes":""},"class_list":["post-30","page","type-page","status-publish","hentry"],"rttpg_featured_image_url":null,"rttpg_author":{"display_name":"Max Buchner","author_link":"https:\/\/www.feuerwehr-hoehenkirchen.de\/index.php\/author\/mbuchner\/"},"rttpg_comment":0,"rttpg_category":null,"rttpg_excerpt":"VERANTWORTUNG. KOMPETENZ. EHRENAMTLICH Oft wird der Aufwand untersch\u00e4tzt, der n\u00f6tig ist, eine Freiwillige Feuerwehr zu [&hellip;]","_links":{"self":[{"href":"https:\/\/www.feuerwehr-hoehenkirchen.de\/index.php\/wp-json\/wp\/v2\/pages\/30"}],"collection":[{"href":"https:\/\/www.feuerwehr-hoehenkirchen.de\/index.php\/wp-json\/wp\/v2\/pages"}],"about":[{"href":"https:\/\/www.feuerwehr-hoehenkirchen.de\/index.php\/wp-json\/wp\/v2\/types\/page"}],"author":[{"embeddable":true,"href":"https:\/\/www.feuerwehr-hoehenkirchen.de\/index.php\/wp-json\/wp\/v2\/users\/2"}],"replies":[{"embeddable":true,"href":"https:\/\/www.feuerwehr-hoehenkirchen.de\/index.php\/wp-json\/wp\/v2\/comments?post=30"}],"version-history":[{"count":0,"href":"https:\/\/www.feuerwehr-hoehenkirchen.de\/index.php\/wp-json\/wp\/v2\/pages\/30\/revisions"}],"up":[{"embeddable":true,"href":"https:\/\/www.feuerwehr-hoehenkirchen.de\/index.php\/wp-json\/wp\/v2\/pages\/2370"}],"wp:attachment":[{"href":"https:\/\/www.feuerwehr-hoehenkirchen.de\/index.php\/wp-json\/wp\/v2\/media?parent=30"}],"curies":[{"name":"wp","href":"https:\/\/api.w.org\/{rel}","templated":true}]}}