{"id":27,"date":"2012-12-31T16:04:37","date_gmt":"2012-12-31T15:04:37","guid":{"rendered":"http:\/\/ffw-hoehenkirchen.de\/?page_id=27"},"modified":"2024-07-22T15:49:28","modified_gmt":"2024-07-22T15:49:28","slug":"feuerwehr","status":"publish","type":"page","link":"https:\/\/www.feuerwehr-hoehenkirchen.de\/index.php\/informationen\/feuerwehr\/","title":{"rendered":"Feuerwehr &#8211; Mitmachen?"},"content":{"rendered":"\n<h4 class=\"wp-block-heading\">Mitglied in der aktiven Mannschaft (ab 18 Jahren)<\/h4>\n\n\n\n<p>Jeden Monat treffen sich die Aktiven zu einer gemeinsamen \u00dcbung um noch besser auf den Ernstfall vorbereitet zu sein. Neben den \u00dcbungsterminen werden sie ca. 100 mal im Jahr zu Hilfeleistungen, Br\u00e4nden und Menschenrettungen alarmiert. <a href=\"\/?page_id=583\">Mehr Infos<\/a><\/p>\n\n\n\n<div class=\"wp-block-file\"><a id=\"wp-block-file--media-273d4347-e24f-4517-81f1-4aa1d4e09a2d\" href=\"https:\/\/www.feuerwehrhoehenkirchen.de\/wp-content\/uploads\/2024\/07\/Aufnahmeantrag-Aktiv-2024-1.pdf\" target=\"_blank\" rel=\"noreferrer noopener\">Aufnahmeantrag-Aktiv-2024-1<\/a><a href=\"https:\/\/www.feuerwehrhoehenkirchen.de\/wp-content\/uploads\/2024\/07\/Aufnahmeantrag-Aktiv-2024-1.pdf\" class=\"wp-block-file__button wp-element-button\" download aria-describedby=\"wp-block-file--media-273d4347-e24f-4517-81f1-4aa1d4e09a2d\">Herunterladen<\/a><\/div>\n\n\n\n<h4 class=\"wp-block-heading\">Mitglied in der Jugendfeuerwehr (ab 12 Jahren)<\/h4>\n\n\n\n<p>Nimm an actionreichen \u00dcbungen teil und gestalte deine Freizeit mit anderen Jugendlichen. Lerne den Feuerwehrdienst spielerisch kennen und lerne, Verantwortung zu \u00fcbernehmen. Die \u00dcbungen finden alle zwei Wochen am Mittwoch zwischen 18 und 20 Uhr statt. <a href=\"\/?page_id=32\">Mehr Infos<\/a><\/p>\n\n\n\n<div class=\"wp-block-file\"><a id=\"wp-block-file--media-560131fb-9603-4efb-adf8-2a8c1b78b402\" href=\"https:\/\/www.feuerwehrhoehenkirchen.de\/wp-content\/uploads\/2024\/07\/Aufnahmeantrag-Jugend-2024-1.pdf\" target=\"_blank\" rel=\"noreferrer noopener\">Aufnahmeantrag-Jugend-2024-1<\/a><a href=\"https:\/\/www.feuerwehrhoehenkirchen.de\/wp-content\/uploads\/2024\/07\/Aufnahmeantrag-Jugend-2024-1.pdf\" class=\"wp-block-file__button wp-element-button\" download aria-describedby=\"wp-block-file--media-560131fb-9603-4efb-adf8-2a8c1b78b402\">Herunterladen<\/a><\/div>\n\n\n\n<div class=\"wp-block-file\"><a id=\"wp-block-file--media-560131fb-9603-4efb-adf8-2a8c1b78b402\" href=\"https:\/\/www.feuerwehrhoehenkirchen.de\/wp-content\/uploads\/2024\/07\/Aufnahmeantragzusatz-JF.pdf\" target=\"_blank\" rel=\"noreferrer noopener\">Aufnahmeantragzusatz-JF<\/a><a href=\"https:\/\/www.feuerwehrhoehenkirchen.de\/wp-content\/uploads\/2024\/07\/Aufnahmeantragzusatz-JF.pdf\" class=\"wp-block-file__button wp-element-button\" download aria-describedby=\"wp-block-file--media-560131fb-9603-4efb-adf8-2a8c1b78b402\">Herunterladen<\/a><\/div>\n\n\n\n<h4 class=\"wp-block-heading\">Mitglied in der Kinderfeuerwehr (ab 6 Jahren)<\/h4>\n\n\n\n<p>Unsere Kinderfeuerwehr &#8220;Feuertiger&#8221; lernt auf spielerische Art und Weise die Aufgaben einer Feuerwehr. Dabei steht das gemeinsame Erleben von coolen Aktionen und kreativen Aufgaben im Vordergrund. <a href=\"\/?page_id=1375\">Mehr Infos<\/a><\/p>\n\n\n\n<h4 class=\"wp-block-heading\">F\u00f6rderndes Mitglied im Verein<\/h4>\n\n\n\n<p>Unterst\u00fctzen Sie unsere Mannschaft oder nehmen Sie an Gesellschaftsveranstaltungen teil. Wir freuen uns \u00fcber jede Spende. <a href=\"\/?page_id=36\">Mehr Infos<\/a><\/p>\n\n\n\n<div class=\"wp-block-file\"><a id=\"wp-block-file--media-653af9c5-2353-458a-ace2-3038d24dde89\" href=\"https:\/\/www.feuerwehrhoehenkirchen.de\/wp-content\/uploads\/2024\/07\/Aufnahmeantrag-Verein-2024-1.pdf\" target=\"_blank\" rel=\"noreferrer noopener\">Aufnahmeantrag-Verein-2024-1<\/a><a href=\"https:\/\/www.feuerwehrhoehenkirchen.de\/wp-content\/uploads\/2024\/07\/Aufnahmeantrag-Verein-2024-1.pdf\" class=\"wp-block-file__button wp-element-button\" download aria-describedby=\"wp-block-file--media-653af9c5-2353-458a-ace2-3038d24dde89\">Herunterladen<\/a><\/div>\n\n\n\n<h4 class=\"wp-block-heading\"><\/h4>\n\n\n\n<hr class=\"wp-block-separator has-alpha-channel-opacity\"\/>\n\n\n\n<h4 class=\"wp-block-heading\">Vom Brandbek\u00e4mpfer zum Helfer in allen Notlagen<\/h4>\n\n\n\n<p>Im Gegensatz zu fr\u00fcher werden wir nur noch selten zu klassischen Br\u00e4nden gerufen. Vielmehr sind die Unfallrettung und die Technische Hilfe in allerlei Notlagen die Aufgabenfelder einer modernen Feuerwehr. Der heutige Feuerwehrmann, besonders in einer freiwilligen Feuerwehr, ist bestens ausgebildet und darauf trainiert, schnelle und zielorientierte Hilfe zu leisten. Auch verf\u00fcgen wir \u00fcber die modernste Technik und Taktik, da Sicherheit in unserer Gesellschaft zu einem der wichtigsten G\u00fcter geh\u00f6rt.<\/p>\n\n\n\n<h4 class=\"wp-block-heading\">Freiwillig f\u00fcr andere<\/h4>\n\n\n\n<p>Freiwilliges Engagement gewinnt immer mehr an Popularit\u00e4t und Ansehen. Gerade eine freiwillige Feuerwehr zeichnet sich durch starken Teamgeist, h\u00f6chste Professionalit\u00e4t, motivierte und offene Leute sowie st\u00e4ndige Innovation aus.<\/p>\n\n\n\n<h4 class=\"wp-block-heading\">Ein Spektrum an T\u00e4tigkeiten<\/h4>\n\n\n\n<p>In einer Feuerwehr kann sich nahezu jeder engagieren, der anderen helfen m\u00f6chte. Als F\u00f6rdermitglied im Verein kann man sich einbringen und besonders&nbsp; im aktiven Dienst. Ob Handwerker, K\u00fcnstler, B\u00fcroangestellter oder Akademiker, es wird einfach jeder gebraucht, denn Feuerwehr bedeutet vieles: Einen Brand l\u00f6schen, eine Person aus dem verunfallten Auto retten, hilflose Tiere bergen, Umweltsch\u00e4den verhindern, gro\u00dfe Eins\u00e4tze leiten oder in der Organisation helfen, das alles sind T\u00e4tigkeiten eines Feuerwehrlers.<\/p>\n\n\n\n<h4 class=\"wp-block-heading\">Ausbildung, pers\u00f6nliche Erfahrung und Anerkennung als Verdienst<\/h4>\n\n\n\n<p>Jeder Feuerwehrwehrmann wird umfangreich auf jede Art von Einsatz vorbereitet und geschult. Gerade f\u00fcr junge Leute ist dies eine M\u00f6glichkeit, Kenntnisse und F\u00e4higkeiten zu erwerben, die f\u00fcr das ganze weitere Leben hilfreich sein k\u00f6nnen. Wie zum Beispiel das Arbeiten mit Kameraden oder das ruhige, bedachte Vorgehen in hektischen Situationen. Auch positive Erfahrungen, soziale Kontakte oder unvergessliche gemeinschaftliche Erlebnisse sind wichtige Aspekte. Nicht zuletzt sind Anerkennung und Dankbarkeit&nbsp; der Bev\u00f6lkerung eine Motivation f\u00fcr viele.<\/p>\n\n\n\n<h4 class=\"wp-block-heading\">Unabh\u00e4ngig von Parteien, Herkunft und Geschlecht<\/h4>\n\n\n\n<p>Die Feuerwehr hilft jedem, dass ist selbstverst\u00e4ndlich, und es ist jeder herzlich willkommen und gew\u00fcnscht. Eine gute Mannschaft erg\u00e4nzt sich aus allen Charakteren und wird nur durch eine gute Mischung flexibel und stark. Frauen gibt es immer mehr in den Feuerwehren, bei uns um die 20%. Auch ist die Feuerwehr ein perfekter Ort f\u00fcr Integration oder um einfach nur neue Kontakte zu kn\u00fcpfen und Gleichgesinnte kennen zu lernen.<\/p>\n\n\n\n<hr class=\"wp-block-separator has-alpha-channel-opacity\"\/>\n","protected":false},"excerpt":{"rendered":"<p>Mitglied in der aktiven Mannschaft (ab 18 Jahren) Jeden Monat treffen sich die Aktiven zu [&hellip;]<\/p>\n","protected":false},"author":2,"featured_media":0,"parent":20,"menu_order":1,"comment_status":"closed","ping_status":"closed","template":"","meta":{"footnotes":""},"class_list":["post-27","page","type-page","status-publish","hentry"],"rttpg_featured_image_url":null,"rttpg_author":{"display_name":"Max Buchner","author_link":"https:\/\/www.feuerwehr-hoehenkirchen.de\/index.php\/author\/mbuchner\/"},"rttpg_comment":0,"rttpg_category":null,"rttpg_excerpt":"Mitglied in der aktiven Mannschaft (ab 18 Jahren) Jeden Monat treffen sich die Aktiven zu [&hellip;]","_links":{"self":[{"href":"https:\/\/www.feuerwehr-hoehenkirchen.de\/index.php\/wp-json\/wp\/v2\/pages\/27"}],"collection":[{"href":"https:\/\/www.feuerwehr-hoehenkirchen.de\/index.php\/wp-json\/wp\/v2\/pages"}],"about":[{"href":"https:\/\/www.feuerwehr-hoehenkirchen.de\/index.php\/wp-json\/wp\/v2\/types\/page"}],"author":[{"embeddable":true,"href":"https:\/\/www.feuerwehr-hoehenkirchen.de\/index.php\/wp-json\/wp\/v2\/users\/2"}],"replies":[{"embeddable":true,"href":"https:\/\/www.feuerwehr-hoehenkirchen.de\/index.php\/wp-json\/wp\/v2\/comments?post=27"}],"version-history":[{"count":4,"href":"https:\/\/www.feuerwehr-hoehenkirchen.de\/index.php\/wp-json\/wp\/v2\/pages\/27\/revisions"}],"predecessor-version":[{"id":3063,"href":"https:\/\/www.feuerwehr-hoehenkirchen.de\/index.php\/wp-json\/wp\/v2\/pages\/27\/revisions\/3063"}],"up":[{"embeddable":true,"href":"https:\/\/www.feuerwehr-hoehenkirchen.de\/index.php\/wp-json\/wp\/v2\/pages\/20"}],"wp:attachment":[{"href":"https:\/\/www.feuerwehr-hoehenkirchen.de\/index.php\/wp-json\/wp\/v2\/media?parent=27"}],"curies":[{"name":"wp","href":"https:\/\/api.w.org\/{rel}","templated":true}]}}