{"id":2370,"date":"2012-12-31T15:51:10","date_gmt":"2012-12-31T13:51:10","guid":{"rendered":"http:\/\/ffw-hoehenkirchen.de\/?page_id=5"},"modified":"2012-12-31T15:51:10","modified_gmt":"2012-12-31T13:51:10","slug":"uber-uns","status":"publish","type":"page","link":"https:\/\/www.feuerwehr-hoehenkirchen.de\/index.php\/uber-uns\/","title":{"rendered":"\u00dcber uns"},"content":{"rendered":"<h1>\u00a0<\/h1>\n<p>Die Feuerwehr H\u00f6henkirchen ist eine der beiden Ortsfeuerwehren der Gemeinde H\u00f6henkirchen-Siegertsbrunn. Die Gemeinde umfasst rund 12.000 Einwohner, f\u00fcr die die Feuerwehr H\u00f6henkirchen rund um die Uhr und an jedem Tag im Jahr ihren Dienst leistet.<\/p>\n<p>Zu unserem Einsatzgebiet geh\u00f6rt sowohl der Ortsteil H\u00f6henkirchen als auch Teile \u00f6stlich der S-Bahn-Schranke wie zum Beispiel das Gymnasium. Ebenfalls Abschnitte der Staatsstra\u00dfe 2078 und der S-Bahn-Linie S7 fallen in unseren Zust\u00e4ndigkeitsbereich. N\u00f6rdlich erstreckt sich das Einsatzgebiet bis zum Bahnhof W\u00e4chterhof.\u00a0<\/p>\n<p>Die 70 aktiven Mitglieder arbeiten im Jahr zwischen 80 und 120 Eins\u00e4tzen ab. Dabei erstreckt sich das Einsatzspektrum von dem &#8220;klassischen&#8221; Brand, \u00fcber technische Hilfeleistungen, bis hin zur Kleintierrettung sowie der Brandschutzerziehung in Kinderg\u00e4rten und Schulen.<\/p>\n<p>Die H\u00f6henkirchner Feuerwehr wurde 1875 gegr\u00fcndet und hatte damals 39 Mitglieder. Die einstige Hauptaufgabe der Feuerwehr -das L\u00f6schen- erweiterte sich St\u00fcck f\u00fcr St\u00fcck, weshalb die Anforderungen an Fahrzeuge und Ausstattung wuchsen. Mittlerweile k\u00f6nnen wir auf einen Fuhrpark aus 3 Gro\u00df- und 3 Kleinfahrzeugen blicken.<\/p>\n\n\n<figure class=\"wp-block-gallery has-nested-images columns-default is-cropped wp-block-gallery-1 is-layout-flex wp-block-gallery-is-layout-flex\">\n<figure class=\"wp-block-image size-large\"><img decoding=\"async\" data-id=\"2882\" src=\"https:\/\/mbuchner.de\/wp-content\/uploads\/2024\/02\/IMG_2669_1-1024x479.jpg\" alt=\"\" class=\"wp-image-2882\"\/><\/figure>\n<\/figure>\n","protected":false},"excerpt":{"rendered":"<p>\u00a0 Die Feuerwehr H\u00f6henkirchen ist eine der beiden Ortsfeuerwehren der Gemeinde H\u00f6henkirchen-Siegertsbrunn. Die Gemeinde umfasst [&hellip;]<\/p>\n","protected":false},"author":2,"featured_media":0,"parent":0,"menu_order":1,"comment_status":"closed","ping_status":"open","template":"ueberblick.php","meta":{"footnotes":""},"class_list":["post-2370","page","type-page","status-publish","hentry"],"rttpg_featured_image_url":null,"rttpg_author":{"display_name":"Max Buchner","author_link":"https:\/\/www.feuerwehr-hoehenkirchen.de\/index.php\/author\/mbuchner\/"},"rttpg_comment":0,"rttpg_category":null,"rttpg_excerpt":"\u00a0 Die Feuerwehr H\u00f6henkirchen ist eine der beiden Ortsfeuerwehren der Gemeinde H\u00f6henkirchen-Siegertsbrunn. Die Gemeinde umfasst [&hellip;]","_links":{"self":[{"href":"https:\/\/www.feuerwehr-hoehenkirchen.de\/index.php\/wp-json\/wp\/v2\/pages\/2370"}],"collection":[{"href":"https:\/\/www.feuerwehr-hoehenkirchen.de\/index.php\/wp-json\/wp\/v2\/pages"}],"about":[{"href":"https:\/\/www.feuerwehr-hoehenkirchen.de\/index.php\/wp-json\/wp\/v2\/types\/page"}],"author":[{"embeddable":true,"href":"https:\/\/www.feuerwehr-hoehenkirchen.de\/index.php\/wp-json\/wp\/v2\/users\/2"}],"replies":[{"embeddable":true,"href":"https:\/\/www.feuerwehr-hoehenkirchen.de\/index.php\/wp-json\/wp\/v2\/comments?post=2370"}],"version-history":[{"count":0,"href":"https:\/\/www.feuerwehr-hoehenkirchen.de\/index.php\/wp-json\/wp\/v2\/pages\/2370\/revisions"}],"wp:attachment":[{"href":"https:\/\/www.feuerwehr-hoehenkirchen.de\/index.php\/wp-json\/wp\/v2\/media?parent=2370"}],"curies":[{"name":"wp","href":"https:\/\/api.w.org\/{rel}","templated":true}]}}