{"id":13,"date":"2012-12-31T15:54:35","date_gmt":"2012-12-31T13:54:35","guid":{"rendered":"http:\/\/ffw-hoehenkirchen.de\/?page_id=13"},"modified":"2024-06-16T11:30:10","modified_gmt":"2024-06-16T11:30:10","slug":"technik","status":"publish","type":"page","link":"https:\/\/www.feuerwehr-hoehenkirchen.de\/index.php\/technik\/","title":{"rendered":"Technik"},"content":{"rendered":"\n<p>Um schnellstm\u00f6gliche und professionelle Hilfe zu leisten ist die Feuerwehr mit modernster Technik ausgestattet. Ob Zusatzalarmierung \u00fcber Mobiltelefone, ein modernes IT-Netzwerk oder moderne Fahrzeuge und Einsatzmittel. Auch das Feuerwehrger\u00e4tehaus birgt einen Funkraum f\u00fcr gr\u00f6\u00dfere Eins\u00e4tze mit modernster Kommunikationselektronik, einem Lageplan und Internetzugang. Wir m\u00f6chten Ihnen im folgenden die Fahrzeuge der H\u00f6henkirchner Feuerwehr pr\u00e4sentieren.<\/p>\n\n\n\n<div class=\"wp-block-media-text is-stacked-on-mobile\"><figure class=\"wp-block-media-text__media\"><a href=\"https:\/\/www.feuerwehrhoehenkirchen.de\/wp-content\/uploads\/2024\/06\/Vorschau-scaled.jpg\"><img loading=\"lazy\" decoding=\"async\" width=\"1024\" height=\"572\" src=\"https:\/\/www.feuerwehrhoehenkirchen.de\/wp-content\/uploads\/2024\/06\/Vorschau-1024x572.jpg\" alt=\"\" class=\"wp-image-3038 size-full\" srcset=\"https:\/\/www.feuerwehr-hoehenkirchen.de\/wp-content\/uploads\/2024\/06\/Vorschau-1024x572.jpg 1024w, https:\/\/www.feuerwehr-hoehenkirchen.de\/wp-content\/uploads\/2024\/06\/Vorschau-300x168.jpg 300w, https:\/\/www.feuerwehr-hoehenkirchen.de\/wp-content\/uploads\/2024\/06\/Vorschau-768x429.jpg 768w, https:\/\/www.feuerwehr-hoehenkirchen.de\/wp-content\/uploads\/2024\/06\/Vorschau-1536x858.jpg 1536w, https:\/\/www.feuerwehr-hoehenkirchen.de\/wp-content\/uploads\/2024\/06\/Vorschau-2048x1144.jpg 2048w\" sizes=\"(max-width: 1024px) 100vw, 1024px\" \/><\/a><\/figure><div class=\"wp-block-media-text__content\">\n<p><a href=\"https:\/\/www.feuerwehrhoehenkirchen.de\/index.php\/technik\/mzf\/\" data-type=\"page\" data-id=\"47\">Florian H\u00f6henkirchen 11\/1<\/a><\/p>\n<\/div><\/div>\n\n\n\n<div class=\"wp-block-media-text has-media-on-the-right is-stacked-on-mobile\"><div class=\"wp-block-media-text__content\">\n<p><a href=\"https:\/\/www.feuerwehrhoehenkirchen.de\/index.php\/technik\/elw\/\" data-type=\"page\" data-id=\"40\">Florian H\u00f6henkirchen 14\/1<\/a><\/p>\n<\/div><figure class=\"wp-block-media-text__media\"><a href=\"https:\/\/www.feuerwehrhoehenkirchen.de\/wp-content\/uploads\/2024\/06\/Vorschau-1-scaled.jpg\"><img loading=\"lazy\" decoding=\"async\" width=\"1024\" height=\"575\" src=\"https:\/\/www.feuerwehrhoehenkirchen.de\/wp-content\/uploads\/2024\/06\/Vorschau-1-1024x575.jpg\" alt=\"\" class=\"wp-image-3040 size-full\" srcset=\"https:\/\/www.feuerwehr-hoehenkirchen.de\/wp-content\/uploads\/2024\/06\/Vorschau-1-1024x575.jpg 1024w, https:\/\/www.feuerwehr-hoehenkirchen.de\/wp-content\/uploads\/2024\/06\/Vorschau-1-300x168.jpg 300w, https:\/\/www.feuerwehr-hoehenkirchen.de\/wp-content\/uploads\/2024\/06\/Vorschau-1-768x431.jpg 768w, https:\/\/www.feuerwehr-hoehenkirchen.de\/wp-content\/uploads\/2024\/06\/Vorschau-1-1536x862.jpg 1536w, https:\/\/www.feuerwehr-hoehenkirchen.de\/wp-content\/uploads\/2024\/06\/Vorschau-1-2048x1150.jpg 2048w\" sizes=\"(max-width: 1024px) 100vw, 1024px\" \/><\/a><\/figure><\/div>\n\n\n\n<div class=\"wp-block-media-text is-stacked-on-mobile\"><figure class=\"wp-block-media-text__media\"><a href=\"https:\/\/www.feuerwehrhoehenkirchen.de\/wp-content\/uploads\/2024\/06\/Vorschau-2-scaled.jpg\"><img loading=\"lazy\" decoding=\"async\" width=\"1024\" height=\"576\" src=\"https:\/\/www.feuerwehrhoehenkirchen.de\/wp-content\/uploads\/2024\/06\/Vorschau-2-1024x576.jpg\" alt=\"\" class=\"wp-image-3041 size-full\" srcset=\"https:\/\/www.feuerwehr-hoehenkirchen.de\/wp-content\/uploads\/2024\/06\/Vorschau-2-1024x576.jpg 1024w, https:\/\/www.feuerwehr-hoehenkirchen.de\/wp-content\/uploads\/2024\/06\/Vorschau-2-300x169.jpg 300w, https:\/\/www.feuerwehr-hoehenkirchen.de\/wp-content\/uploads\/2024\/06\/Vorschau-2-768x432.jpg 768w, https:\/\/www.feuerwehr-hoehenkirchen.de\/wp-content\/uploads\/2024\/06\/Vorschau-2-1536x864.jpg 1536w, https:\/\/www.feuerwehr-hoehenkirchen.de\/wp-content\/uploads\/2024\/06\/Vorschau-2-2048x1153.jpg 2048w\" sizes=\"(max-width: 1024px) 100vw, 1024px\" \/><\/a><\/figure><div class=\"wp-block-media-text__content\">\n<p><a href=\"https:\/\/www.feuerwehrhoehenkirchen.de\/index.php\/technik\/lf-1612\/\" data-type=\"page\" data-id=\"45\">Florian H\u00f6henkirchen 40\/1<\/a><\/p>\n<\/div><\/div>\n\n\n\n<div class=\"wp-block-media-text has-media-on-the-right is-stacked-on-mobile\"><div class=\"wp-block-media-text__content\">\n<p><a href=\"https:\/\/www.feuerwehrhoehenkirchen.de\/index.php\/technik\/hlf-2016\/\" data-type=\"page\" data-id=\"43\">Florian H\u00f6henkirchen 40\/2<\/a><\/p>\n<\/div><figure class=\"wp-block-media-text__media\"><a href=\"https:\/\/www.feuerwehrhoehenkirchen.de\/wp-content\/uploads\/2024\/02\/hlf_cut_gross.jpg\"><img loading=\"lazy\" decoding=\"async\" width=\"1024\" height=\"723\" src=\"https:\/\/www.feuerwehrhoehenkirchen.de\/wp-content\/uploads\/2024\/02\/hlf_cut_gross-1024x723.jpg\" alt=\"\" class=\"wp-image-2770 size-full\" srcset=\"https:\/\/www.feuerwehr-hoehenkirchen.de\/wp-content\/uploads\/2024\/02\/hlf_cut_gross-1024x723.jpg 1024w, https:\/\/www.feuerwehr-hoehenkirchen.de\/wp-content\/uploads\/2024\/02\/hlf_cut_gross-300x212.jpg 300w, https:\/\/www.feuerwehr-hoehenkirchen.de\/wp-content\/uploads\/2024\/02\/hlf_cut_gross-768x542.jpg 768w, https:\/\/www.feuerwehr-hoehenkirchen.de\/wp-content\/uploads\/2024\/02\/hlf_cut_gross.jpg 1200w\" sizes=\"(max-width: 1024px) 100vw, 1024px\" \/><\/a><\/figure><\/div>\n\n\n\n<div class=\"wp-block-media-text is-stacked-on-mobile\"><figure class=\"wp-block-media-text__media\"><a href=\"https:\/\/www.feuerwehrhoehenkirchen.de\/wp-content\/uploads\/2024\/06\/Vorschau-3-scaled.jpg\"><img loading=\"lazy\" decoding=\"async\" width=\"1024\" height=\"577\" src=\"https:\/\/www.feuerwehrhoehenkirchen.de\/wp-content\/uploads\/2024\/06\/Vorschau-3-1024x577.jpg\" alt=\"\" class=\"wp-image-3042 size-full\" srcset=\"https:\/\/www.feuerwehr-hoehenkirchen.de\/wp-content\/uploads\/2024\/06\/Vorschau-3-1024x577.jpg 1024w, https:\/\/www.feuerwehr-hoehenkirchen.de\/wp-content\/uploads\/2024\/06\/Vorschau-3-300x169.jpg 300w, https:\/\/www.feuerwehr-hoehenkirchen.de\/wp-content\/uploads\/2024\/06\/Vorschau-3-768x433.jpg 768w, https:\/\/www.feuerwehr-hoehenkirchen.de\/wp-content\/uploads\/2024\/06\/Vorschau-3-1536x866.jpg 1536w, https:\/\/www.feuerwehr-hoehenkirchen.de\/wp-content\/uploads\/2024\/06\/Vorschau-3-2048x1154.jpg 2048w\" sizes=\"(max-width: 1024px) 100vw, 1024px\" \/><\/a><\/figure><div class=\"wp-block-media-text__content\">\n<p><a href=\"https:\/\/www.feuerwehrhoehenkirchen.de\/index.php\/technik\/1043-2\/\" data-type=\"page\" data-id=\"1043\">Florian H\u00f6henkirchen 56\/1<\/a><\/p>\n<\/div><\/div>\n\n\n\n<div class=\"wp-block-media-text has-media-on-the-right is-stacked-on-mobile\"><div class=\"wp-block-media-text__content\">\n<p><a href=\"https:\/\/www.feuerwehrhoehenkirchen.de\/index.php\/technik\/boki\/\" data-type=\"page\" data-id=\"49\">Florian H\u00f6henkirchen 59\/1<\/a><\/p>\n<\/div><figure class=\"wp-block-media-text__media\"><a href=\"https:\/\/www.feuerwehrhoehenkirchen.de\/wp-content\/uploads\/2024\/02\/boki_gross-694x489-1.jpg\"><img loading=\"lazy\" decoding=\"async\" width=\"694\" height=\"489\" src=\"https:\/\/www.feuerwehrhoehenkirchen.de\/wp-content\/uploads\/2024\/02\/boki_gross-694x489-1.jpg\" alt=\"\" class=\"wp-image-2771 size-full\" srcset=\"https:\/\/www.feuerwehr-hoehenkirchen.de\/wp-content\/uploads\/2024\/02\/boki_gross-694x489-1.jpg 694w, https:\/\/www.feuerwehr-hoehenkirchen.de\/wp-content\/uploads\/2024\/02\/boki_gross-694x489-1-300x211.jpg 300w\" sizes=\"(max-width: 694px) 100vw, 694px\" \/><\/a><\/figure><\/div>\n","protected":false},"excerpt":{"rendered":"<p>Um schnellstm\u00f6gliche und professionelle Hilfe zu leisten ist die Feuerwehr mit modernster Technik ausgestattet. Ob [&hellip;]<\/p>\n","protected":false},"author":2,"featured_media":0,"parent":0,"menu_order":3,"comment_status":"closed","ping_status":"open","template":"","meta":{"footnotes":""},"class_list":["post-13","page","type-page","status-publish","hentry"],"rttpg_featured_image_url":null,"rttpg_author":{"display_name":"Max Buchner","author_link":"https:\/\/www.feuerwehr-hoehenkirchen.de\/index.php\/author\/mbuchner\/"},"rttpg_comment":0,"rttpg_category":null,"rttpg_excerpt":"Um schnellstm\u00f6gliche und professionelle Hilfe zu leisten ist die Feuerwehr mit modernster Technik ausgestattet. Ob [&hellip;]","_links":{"self":[{"href":"https:\/\/www.feuerwehr-hoehenkirchen.de\/index.php\/wp-json\/wp\/v2\/pages\/13"}],"collection":[{"href":"https:\/\/www.feuerwehr-hoehenkirchen.de\/index.php\/wp-json\/wp\/v2\/pages"}],"about":[{"href":"https:\/\/www.feuerwehr-hoehenkirchen.de\/index.php\/wp-json\/wp\/v2\/types\/page"}],"author":[{"embeddable":true,"href":"https:\/\/www.feuerwehr-hoehenkirchen.de\/index.php\/wp-json\/wp\/v2\/users\/2"}],"replies":[{"embeddable":true,"href":"https:\/\/www.feuerwehr-hoehenkirchen.de\/index.php\/wp-json\/wp\/v2\/comments?post=13"}],"version-history":[{"count":3,"href":"https:\/\/www.feuerwehr-hoehenkirchen.de\/index.php\/wp-json\/wp\/v2\/pages\/13\/revisions"}],"predecessor-version":[{"id":3043,"href":"https:\/\/www.feuerwehr-hoehenkirchen.de\/index.php\/wp-json\/wp\/v2\/pages\/13\/revisions\/3043"}],"wp:attachment":[{"href":"https:\/\/www.feuerwehr-hoehenkirchen.de\/index.php\/wp-json\/wp\/v2\/media?parent=13"}],"curies":[{"name":"wp","href":"https:\/\/api.w.org\/{rel}","templated":true}]}}